{"id":247,"date":"2017-09-12T19:08:55","date_gmt":"2017-09-12T17:08:55","guid":{"rendered":"http:\/\/www.drwilscher.at\/p\/?page_id=247"},"modified":"2025-03-01T21:56:08","modified_gmt":"2025-03-01T20:56:08","slug":"247-2","status":"publish","type":"page","link":"https:\/\/www.drwilscher.at\/p\/247-2\/","title":{"rendered":"Impressum"},"content":{"rendered":"<div>\n<p><strong>Information gem\u00e4\u00df \u00a7 5 E-Commerce-Gesetz und Offenlegung gem\u00e4\u00df \u00a7 25 Mediengesetz:<\/strong><\/p>\n<\/div>\n<h1>Dr. Angelika Wilscher<\/h1>\n<p>Fach\u00e4rztin f\u00fcr Allgemeinmedizin und Familienmedizin<br \/>\nFach\u00e4rztin f\u00fcr Innere Medizin<\/p>\n<p>Mitglied der \u00c4rztekammer K\u00e4rnten<\/p>\n<p>Bezirkshauptmannschaft Spittal a. d. Drau<br \/>\nUID-Nr.: ATU66206134<br \/>\nT\u00e4tigkeit unterliegt dem \u00c4rztegesetz 1998<br \/>\n(siehe <a href=\"http:\/\/www.ris-bka.gv.at\/bundesrecht\">http:\/\/www.ris-bka.gv.at\/bundesrecht<\/a>)<\/p>\n<h2>Unsere Kontaktdaten<\/h2>\n<p>St. Oswalder Stra\u00dfe 2<br \/>\n9546 Bad Kleinkirchheim<br \/>\n\u00d6sterreich<\/p>\n<table border=\"0\" width=\"100%\" cellspacing=\"0\" cellpadding=\"0\">\n<tbody>\n<tr>\n<td width=\"110px\"><strong>Telefonnummer:<\/strong><\/td>\n<td>+43 (0) 4240 410<\/td>\n<\/tr>\n<tr>\n<td><strong>E-Mail:<\/strong><\/td>\n<td><a href=\"mailto:ordination@drwilscher.at\">ordination@drwilscher.at<\/a><\/td>\n<\/tr>\n<tr>\n<td><strong>Homepage:<\/strong><\/td>\n<td><a href=\"http:\/\/www.drwilscher.at\/\">www.drwilscher.at<\/a><\/td>\n<\/tr>\n<\/tbody>\n<\/table>\n<h2>Bildernachweis:<\/h2>\n<p>Urheber und Rechteinhaber der verwendeten Bilder:<br \/>\nDr. Angelika Wilscher<\/p>\n<h2>Datenschutzerkl\u00e4rung<\/h2>\n<p>Diese Website benutzt Google Analytics, einen Webanalysedienst der Google Inc. (\u201eGoogle&#8220;). Google Analytics verwendet sog. \u201eCookies&#8220;, Textdateien, die auf Ihrem Computer gespeichert werden und die eine Analyse der Benutzung der Website durch Sie erm\u00f6glichen. Die durch den Cookie erzeugten Informationen \u00fcber Ihre Benutzung dieser Website (einschlie\u00dflich Ihrer IP-Adresse) wird an einen Server von Google in den USA \u00fcbertragen und dort gespeichert. Google wird diese Informationen benutzen, um Ihre Nutzung der Website auszuwerten, um Reports \u00fcber die Websiteaktivit\u00e4ten f\u00fcr die Websitebetreiber zusammenzustellen und um weitere mit der Websitenutzung und der Internetnutzung verbundene Dienstleistungen zu erbringen. Auch wird Google diese Informationen gegebenenfalls an Dritte \u00fcbertragen, sofern dies gesetzlich vorgeschrieben oder soweit Dritte diese Daten im Auftrag von Google verarbeiten. Google wird in keinem Fall Ihre IP-Adresse mit anderen Daten von Google in Verbindung bringen. Sie k\u00f6nnen die Installation der Cookies durch eine entsprechende Einstellung Ihrer Browser Software verhindern; wir weisen Sie jedoch darauf hin, dass Sie in diesem Fall gegebenenfalls nicht s\u00e4mtliche Funktionen dieser Website vollumf\u00e4nglich nutzen k\u00f6nnen. Dieses Impressum wurde von <a href=\"https:\/\/www.ithelps.at\" target=\"_blank\" rel=\"noopener noreferrer\">ithelps.at<\/a> zur Verf\u00fcgung gestellt.<\/p>\n<p>Durch die Nutzung dieser Website erkl\u00e4ren Sie sich mit der Bearbeitung der \u00fcber Sie erhobenen Daten durch Google in der zuvor beschriebenen Art und Weise und zu dem zuvor benannten Zweck einverstanden. Der Datenerhebung und -speicherung kann\u00a0<a href=\"http:\/\/tools.google.com\/dlpage\/gaoptout?hl=de\" target=\"_blank\" rel=\"noopener noreferrer\">jederzeit mit Wirkung f\u00fcr die Zukunft widersprochen<\/a>\u00a0werden. Angesichts der Diskussion um den Einsatz von Analysetools mit vollst\u00e4ndigen IP-Adressen m\u00f6chten wir darauf hinweisen, dass diese Website Google Analytics mit der Erweiterung \u201e_anonymizeIp()&#8220; verwendet und daher IP-Adressen nur gek\u00fcrzt weiterverarbeitet werden, um eine direkte Personenbeziehbarkeit auszuschlie\u00dfen.<\/p>\n","protected":false},"excerpt":{"rendered":"<p>Information gem\u00e4\u00df \u00a7 5 E-Commerce-Gesetz und Offenlegung gem\u00e4\u00df \u00a7 25 Mediengesetz: Dr. Angelika Wilscher Fach\u00e4rztin f\u00fcr Allgemeinmedizin und Familienmedizin Fach\u00e4rztin f\u00fcr Innere Medizin Mitglied der \u00c4rztekammer K\u00e4rnten Bezirkshauptmannschaft Spittal a. d. Drau UID-Nr.: ATU66206134 T\u00e4tigkeit unterliegt dem \u00c4rztegesetz 1998 (siehe http:\/\/www.ris-bka.gv.at\/bundesrecht) Unsere Kontaktdaten St. Oswalder Stra\u00dfe 2 9546 Bad Kleinkirchheim \u00d6sterreich Telefonnummer: +43 (0) 4240 &hellip; <a href=\"https:\/\/www.drwilscher.at\/p\/247-2\/\" class=\"more-link\"><span class=\"screen-reader-text\">Impressum<\/span> weiterlesen<\/a><\/p>\n","protected":false},"author":1,"featured_media":0,"parent":0,"menu_order":0,"comment_status":"closed","ping_status":"closed","template":"","meta":{"footnotes":""},"class_list":["post-247","page","type-page","status-publish","hentry"],"_links":{"self":[{"href":"https:\/\/www.drwilscher.at\/p\/wp-json\/wp\/v2\/pages\/247","targetHints":{"allow":["GET"]}}],"collection":[{"href":"https:\/\/www.drwilscher.at\/p\/wp-json\/wp\/v2\/pages"}],"about":[{"href":"https:\/\/www.drwilscher.at\/p\/wp-json\/wp\/v2\/types\/page"}],"author":[{"embeddable":true,"href":"https:\/\/www.drwilscher.at\/p\/wp-json\/wp\/v2\/users\/1"}],"replies":[{"embeddable":true,"href":"https:\/\/www.drwilscher.at\/p\/wp-json\/wp\/v2\/comments?post=247"}],"version-history":[{"count":5,"href":"https:\/\/www.drwilscher.at\/p\/wp-json\/wp\/v2\/pages\/247\/revisions"}],"predecessor-version":[{"id":802,"href":"https:\/\/www.drwilscher.at\/p\/wp-json\/wp\/v2\/pages\/247\/revisions\/802"}],"wp:attachment":[{"href":"https:\/\/www.drwilscher.at\/p\/wp-json\/wp\/v2\/media?parent=247"}],"curies":[{"name":"wp","href":"https:\/\/api.w.org\/{rel}","templated":true}]}}