{"id":338,"date":"2018-10-21T10:46:37","date_gmt":"2018-10-21T08:46:37","guid":{"rendered":"http:\/\/www.drwilscher.at\/p\/?page_id=338"},"modified":"2018-11-13T20:40:02","modified_gmt":"2018-11-13T19:40:02","slug":"datenschutz","status":"publish","type":"page","link":"https:\/\/www.drwilscher.at\/p\/datenschutz\/","title":{"rendered":"Datenschutz"},"content":{"rendered":"<h1>Datenschutzerkl\u00e4rung<\/h1>\n<p>Information gem\u00e4\u00df Art. 13 DSGVO<br \/>\nWir informieren hiermit unsere Patientinnen und Patienten, Besucherinnen und Besucher unserer Website, Lieferanten und<br \/>\nInteressierte<\/p>\n<h2>Um was geht es?<\/h2>\n<p>Die Ordination Dr. Angelika Wilscher, im Folgenden kurz die Ordination, respektiert und sch\u00fctzt Ihre Daten und<br \/>\nverarbeitet<br \/>\ndiese ausschlie\u00dflich auf Grundlage der gesetzlichen Bestimmungen. Diese Datenschutzerkl\u00e4rung informiert Sie dar\u00fcber,<br \/>\nwelche personenbezogenen Daten wir von Ihnen erheben und was wir damit machen. Sie erhalten au\u00dferdem Auskunft \u00fcber Ihre<br \/>\nRechte.<\/p>\n<h3>Der Verantwortliche und Ihr Ansprechpartner ist Dr. Angelika Wilscher<\/h3>\n<p><b>Dr. med. univ. Angelika Wilscher<br \/>\n<\/b>St. Oswalder Str. 2<br \/>\n9546 Kleinkirchheim<br \/>\nTelefon: +43 4762 36 38 70<br \/>\nordination@drwilscher.at<br \/>\nhttp:\/\/www.drwilscher.at<\/p>\n<h2>Wen betrifft diese Datenschutzerkl\u00e4rung?<\/h2>\n<p>Wenn Sie mit uns in Kontakt treten, sich schriftlich, per Telefon oder e-Mail an uns wenden, sich f\u00fcr unsere Angebote<br \/>\ninteressieren, unsere Leistungen in Anspruch nehmen oder in einer sonstigen Gesch\u00e4ftsbeziehung zu uns stehen,<br \/>\nverarbeiten wir personenbezogene Daten von Ihnen, das bedeutet wir erheben, speichern, nutzen, \u00fcbermitteln oder l\u00f6schen<br \/>\ndiese Daten.<\/p>\n<h2>Welche personenbezogenen Daten verarbeiten wir von Ihnen und wer bekommt sie?<\/h2>\n<p>Bei der jeweiligen Datenkategorie wird angef\u00fchrt, wer diese Daten unter Umst\u00e4nden bekommt. Wenn nichts angef\u00fchrt ist,<br \/>\nwerden diese Daten nur innerhalb der Ordination verarbeitet.<\/p>\n<h3>1. Stammdaten inklusive Kontaktinformationen, etwa Adresse, Tel, Mail, Fax, UID-Nr.<\/h3>\n<p>Banken, Rechtsvertreter, Wirtschaftstreuh\u00e4nder, Wirtschaftspr\u00fcfer, Gerichte, zust\u00e4ndige Verwaltungsbeh\u00f6rden,<br \/>\nInkassounternehmen, Fremdfinanzierer, Vertrags- und Gesch\u00e4ftspartner, (private) Versicherungen, Statistik<br \/>\n\u00d6sterreich, Inspektorate, betriebliche und au\u00dferbetriebliche Interessenvertretungen, Vorsorgekassen,<br \/>\nAbfertigungskassen, Sozialversicherungen, Pensionskassen, Transportunternehmen, Lieferanten, \u00c4rztinnen und \u00c4rzte,<br \/>\nKrankenh\u00e4user, Ambulatorien, Labore, Physiotherapeuten, Pflegeheime, Apotheken, Gesundheitsdiensteanbieter,<br \/>\nnicht-\u00e4rztliche Gesundheitsberufe und die Elektronische Gesundheitsakte (\u201eELGA\u201c) gem\u00e4\u00df \u00a72 Z 6 GTelG.<\/p>\n<h3>2. Bankverbindungsdaten<\/h3>\n<p>Banken, Rechtsvertreter, Wirtschaftstreuh\u00e4nder, Wirtschaftspr\u00fcfer, Gerichte, zust\u00e4ndige Verwaltungsbeh\u00f6rden,<br \/>\nInkassounternehmen, Fremdfinanzierer, Vertrags- und Gesch\u00e4ftspartner, Versicherungen. \u00c4rzte &amp; \u00c4rztinnen,<br \/>\nKrankenh\u00e4user, Ambulatorien, Labore, Physiotherapeuten, Pflegeheime.<\/p>\n<h3>3. Daten \u00fcber Buchhaltung und Controlling<\/h3>\n<p>Zust\u00e4ndige Verwaltungsbeh\u00f6rden.<\/p>\n<h3>4. Unterlagen zu Gesch\u00e4ftsf\u00e4llen<\/h3>\n<h3>5. Liste des Inventars und Anlageverm\u00f6gens<\/h3>\n<h3>6. Bestell- und Vertragsdaten<\/h3>\n<p>Vorsorgekassen, Abfertigungskassen, Sozialversicherungen, Pensionskassen, Transportunternehmen &amp;<br \/>\nVersanddienstleister, Lieferanten.<\/p>\n<h3>7. Finanzierungs- und Zahlungsbedingungen<\/h3>\n<p>Banken, Rechtsvertreter Wirtschaftstreuh\u00e4nder, Wirtschaftspr\u00fcfer, Gerichte, zust\u00e4ndige Verwaltungsbeh\u00f6rden,<br \/>\nInkassounternehmen, Fremdfinanzierer, Vertrags- und Gesch\u00e4ftspartner, Versicherungen, Statistik \u00d6sterreich.<\/p>\n<h3>8. Bonit\u00e4tsinformationen<\/h3>\n<p>Wirtschaftstreuh\u00e4nder, Wirtschaftspr\u00fcfer.<\/p>\n<h3>9. Gegenstand der Lieferung oder Leistung<\/h3>\n<p>Banken, Rechtsvertreter Wirtschaftstreuh\u00e4nder, Wirtschaftspr\u00fcfer, Gerichte, zust\u00e4ndige Verwaltungsbeh\u00f6rden,<br \/>\nInkassounternehmen, Fremdfinanzierer, Vertrags- und Gesch\u00e4ftspartner, Versicherungen, Statistik \u00d6sterreich,<br \/>\nVorsorgekassen, Abfertigungskassen, Sozialversicherungen, Pensionskassen, Lieferanten.<\/p>\n<h3>10. Daten \u00fcber Lieferung- &amp; Leistungsbedingungen<\/h3>\n<p>Banken, Rechtsvertreter Wirtschaftstreuh\u00e4nder, Wirtschaftspr\u00fcfer, Gerichte, zust\u00e4ndige Verwaltungsbeh\u00f6rden,<br \/>\nInkassounternehmen, Fremdfinanzierer, Vertrags- und Gesch\u00e4ftspartner, Versicherungen, Statistik \u00d6sterreich,<br \/>\nLieferanten.<\/p>\n<h3>11. Zustand (bei \u00dcbernahme der Beratung oder Behandlung), Vorgeschichte einer Erkrankung,<br \/>\nPatienteninformationen (etwa Befunde, Diagnosen), Krankheitsverlauf, Behandlungsinformationen, Daten \u00fcber<br \/>\nAufkl\u00e4rungsgespr\u00e4ch, Gesetzliche Vertreter<\/h3>\n<p>Rechtsvertreter, Gerichte, Zust\u00e4ndige Verwaltungsbeh\u00f6rden, (private) Versicherungen, \u00c4rzte &amp; \u00c4rztinnen,<br \/>\nKrankenh\u00e4user, Ambulatorien, Labore, Physiotherapeuten, Pflegeheime, Apotheken, Gesundheitsdiensteanbieter,<br \/>\nnicht-\u00e4rztliche Gesundheitsberufe.<\/p>\n<h3>12. Abrechnungsdaten, Leistungsdaten, Sozialversicherungsdaten und Behandlungsinformationen<\/h3>\n<p>Rechtsvertreter, (private) Versicherungen, betriebliche und au\u00dferbetriebliche Interessenvertretungen,<br \/>\nVorsorgekassen, Abfertigungskassen, Sozialversicherungen, Pensionskassen, \u00c4rzte &amp; \u00c4rztinnen, Krankenh\u00e4user,<br \/>\nAmbulatorien, Labore, Physiotherapeuten, Pflegeheime.<\/p>\n<h3>13. Rezept- und Verordnungsdaten<\/h3>\n<p>Vorsorgekassen, Abfertigungskassen, Sozialversicherungen, Pensionskassen, \u00c4rzte &amp; \u00c4rztinnen, Krankenh\u00e4user,<br \/>\nAmbulatorien, Labore, Physiotherapeuten, Pflegeheime, Apotheken, Gesundheitsdiensteanbieter, nicht-\u00e4rztliche<br \/>\nGesundheitsberufe.<\/p>\n<h3>14. Impfdaten<\/h3>\n<h3>15. Laborbefunde, Befunde bildgebender Diagnostik, Medikationsdaten und weitere Befunde, Elektronische Gesundheitsakte (\u201eELGA\u201c) gem\u00e4\u00df \u00a72 Z 6 GTelG.<\/h3>\n<p>\u00c4rzte &amp; \u00c4rztinnen, Krankenh\u00e4user, Ambulatorien, Labore, Physiotherapeuten, Pflegeheime und private Versicherungstr\u00e4ger<\/p>\n<h3>16. Proben von Patienten<\/h3>\n<p>\u00c4rzte &amp; \u00c4rztinnen, Krankenh\u00e4user, Ambulatorien, Labore, Physiotherapeuten, Pflegeheime.<\/p>\n<h3>17. Informationen \u00fcber Vorsorge- und Kontrolluntersuchungen sowie Impfdaten<\/h3>\n<h2>In welchen Datenanwendungen verarbeiten wir personenbezogene Daten?<\/h2>\n<h3>A. Finanzbuchhaltung &amp; Rechnungswesen:<\/h3>\n<p>Zweck der Datenverarbeitung ist die Verarbeitung und \u00dcbermittlung von Daten im Rahmen einer Gesch\u00e4ftsbeziehung<br \/>\n(bzw. zur Abwicklung dieser) mit Patienten und Lieferanten einschlie\u00dflich automationsunterst\u00fctzt erstellter und<br \/>\narchivierter Textdokumente (wie z.B. Korrespondenz) in diesen Angelegenheiten. Dies beinhaltet auch:<br \/>\nRisikomanagement, Kreditoren- und Debitorenverwaltung, Budgetierung und Kostenrechnung.<br \/>\nDie Rechtsgrundlage daf\u00fcr ist eine gesetzliche Verpflichtung. Gem\u00e4\u00df steuerrechtlicher und unternehmensrechtlicher<br \/>\nAufbewahrungspflichten werden Ihre Daten 7 Jahre gespeichert.<\/p>\n<h3>B. Aktenverwaltung &amp; B\u00fcroautomation<\/h3>\n<p>Zweck der Datenverarbeitung ist die formale Behandlung der vom der Verantwortlichen zu besorgenden Gesch\u00e4ftsf\u00e4lle<br \/>\neinschlie\u00dflich automationsunterst\u00fctzt erstellter und archivierter Textdokumente (wie z.B. Korrespondenz) in diesen<br \/>\nAngelegenheiten. Dies beinhaltet auch die Inventarverwaltung und die Verwaltung von Anlageverm\u00f6gen.<\/p>\n<p>Die Rechtsgrundlage daf\u00fcr ist die Erf\u00fcllung eines Vertragsverh\u00e4ltnisses. Die Daten werden gem\u00e4\u00df steuerrechtlicher<br \/>\nund unternehmensrechtlicher Aufbewahrungspflichten 7 Jahre gespeichert.<\/p>\n<h3>C. Patientenakte<\/h3>\n<p>Zweck der Verarbeitung ist die Erf\u00fcllung der Dokumentationspflicht gem\u00e4\u00df \u00a7 51 \u00c4rztegesetz sowie die Erfassung<br \/>\ns\u00e4mtlicher Leistungen einschlie\u00dflich automationsunterst\u00fctzt erstellter und archivierter Textdokumente (wie z.B.<br \/>\nKorrespondenz) in diesen Angelegenheiten. Dies beinhaltet auch: Ausstellung von Bescheinigungen, Terminmanagement<br \/>\n(Terminvereinbarung mit Patienten), die Wahrnehmung der Anzeige- und Meldepflicht gem\u00e4\u00df \u00a7 54 \u00c4rztegesetz, die<br \/>\nWahrnehmung der Anzeige- und Meldepflicht im Missbrauchsfall sowie Meldungen an div. Gesundheitsregister und im<br \/>\n\u00f6ffentlichen Meldewesen (Meldepflichten bei ansteckenden Krankheiten); die Mitwirkung bei Verfahren bei der<br \/>\nPatientenanwaltschaft, der Schlichtungsstelle sowie dem Beschwerdemanagement bei der Standesvertretung und<br \/>\nVersicherungen; die Erstellung medizinischer Gutachten. Verwaltung von Transportscheinen, Zuweisungen und<br \/>\n\u00dcberweisungen.<\/p>\n<p>Die Rechtsgrundlage daf\u00fcr ist eine gesetzliche Verpflichtung. Die Daten werden gem\u00e4\u00df gesetzlicher<br \/>\nAufbewahrungspflichten 30 Jahre gespeichert.<\/p>\n<h3>D. Abrechnung<\/h3>\n<p>Zweck der Datenverarbeitung ist die Abrechnung der erbrachten Leistungen gegen\u00fcber Versicherungen (Krankenkassen<br \/>\noder den PatientInnen) einschlie\u00dflich automationsunterst\u00fctzt erstellter und archivierter Textdokumente (wie z.B.<br \/>\nKorrespondenz) in diesen Angelegenheiten. Dies beinhaltet auch die \u00dcbermittlung an die Standesvertretung zur<br \/>\nPr\u00fcfung und Evaluierung der Abrechnung.<br \/>\nDie Rechtsgrundlage daf\u00fcr ist eine gesetzlichen Verpflichtung und Erf\u00fcllung eines Vertragsverh\u00e4ltnisses. Die Daten<br \/>\nwerden gem\u00e4\u00df steuerrechtlicher und unternehmensrechtlicher Aufbewahrungspflichten 7 Jahre gespeichert.<\/p>\n<h3>E. Befundanforderung &amp; Befund\u00fcbermittlung<\/h3>\n<p>Zweck der Datenverarbeitung ist die Anforderung von Befunden von \u00c4rztinnen und \u00c4rzten, Krankenanstalten, Labore,<br \/>\nsowie anderen Gesundheitsberufen und den Betroffenen sowie die (R\u00fcck-)\u00dcbermittlung von Befunden einschlie\u00dflich<br \/>\nautomationsunterst\u00fctzt erstellter und archivierter Textdokumente (wie z.B. Korrespondenz) in diesen<br \/>\nAngelegenheiten. Dies beinhaltet auch R\u00fcckfragen bei \u00dcberweisungen<br \/>\nDie Rechtsgrundlage daf\u00fcr ist die gesetzliche Verpflichtung. Die Daten werden gem\u00e4\u00df gesetzlicher<br \/>\nAufbewahrungsfristen (mindestens 10 Jahre) gespeichert.<\/p>\n<h3>F. Organisation von Konsilien<\/h3>\n<p>Zweck der Datenverarbeitung ist die Organisation, Abwicklung und Abrechnung von Konsilien einschlie\u00dflich<br \/>\nautomationsunterst\u00fctzt erstellter und archivierter Textdokumente (wie z.B. Korrespondenz) in diesen<br \/>\nAngelegenheiten. Rechtsgrundlage daf\u00fcr ist eine gesetzliche Verpflichtung. Die Daten werden gem\u00e4\u00df gesetzlicher<br \/>\nAufbewahrungsfristen (mindestens 10 Jahre) gespeichert.<\/p>\n<h3>G. Verwaltung von Rezepten<\/h3>\n<p>Zweck der Datenverarbeitung ist die Ausgabe, Verwaltung und Organisation von Rezepten und Verordnungen von<br \/>\nHeilbehelfen. Dies beinhaltet auch das Einholen von Chefarztbewilligungen. Die Rechtsgrundlage daf\u00fcr ist eine<br \/>\ngesetzliche Verpflichtung. Die Daten werden gem\u00e4\u00df gesetzlicher Aufbewahrungsfristen (mindestens 10 Jahre)<br \/>\ngespeichert.<\/p>\n<h3>H. ELGA<\/h3>\n<p>Zweck der Datenverarbeitung ist die Speicherung von Gesundheitsdaten im Rahmen von ELGA als<br \/>\nELGA-Gesundheitsdiensteanbieter (im Sinne des \u00a7 2 Z 10 Gesundheitstelematikgesetz 2012) einschlie\u00dflich<br \/>\nautomationsunterst\u00fctzt erstellter und archivierter Textdokumente (wie z.B. Korrespondenz) in diesen<br \/>\nAngelegenheiten. Dies geschieht auf gesetzlicher Grundlage und die Daten werden 10 Jahre lang gespeichert.<\/p>\n<h3>I. Information an eigene Patientinnen und Patienten<\/h3>\n<p>Zweck der Datenverarbeitung ist die \u00dcbersendung von Informationen und Erinnerungen an eigene Patienten, um Vorsorge<br \/>\nund Kontrolluntersuchungen wahrzunehmen, Impftermine einzuhalten, Befundbesprechungen etc. einschlie\u00dflich<br \/>\nautomationsunterst\u00fctzt erstellter und archivierter Textdokumente (wie z.B. Korrespondenz) in diesen<br \/>\nAngelegenheiten. Die Rechtsgrundlage daf\u00fcr ist eine gesetzliche Grundlage oder die Erf\u00fcllung eines<br \/>\nVertragsverh\u00e4ltnisses. Die Daten werden 2 Jahre gespeichert.<\/p>\n<h2>Wir gehen sorgf\u00e4ltig mit pers\u00f6nlichen Daten um!<\/h2>\n<p>Wir kaufen keinerlei pers\u00f6nliche Daten zu, wir verkaufen keine pers\u00f6nlichen Daten an Dritte und wir geben keine<br \/>\nDaten an Empf\u00e4nger au\u00dferhalb der EU weiter. Wir stellen auch sicher, dass Dritte nur Zugriff auf personenbezogene<br \/>\nDaten haben, soweit dies f\u00fcr die oben genannten Zwecke notwendig ist. Dienstleistende Unternehmen, die uns<br \/>\nunterst\u00fctzen, w\u00e4hlen wir sorgf\u00e4ltig und gewissenhaft aus. Dazu z\u00e4hlen Unternehmen im Bereich der<br \/>\nIT-Dienstleistungen, Sicherheitstechnik, Buchhaltung und Unternehmens- und Marktkommunikation. Wir schlie\u00dfen mit<br \/>\ndiesen Dienstleistenden Auftragsverarbeitungsvereinbarungen ab, um sicherzustellen, dass Ihre Daten auch von diesen<br \/>\nsicher und vertraulich behandelt und nur zu den vorgesehenen Zwecken verarbeitet werden.<\/p>\n<h2>Cookies auf der Webseite<\/h2>\n<p>Auf dieser Website werden keine personenbezogenen Daten ermittelt. Es werden keine pers\u00f6nlichen Nutzerprofile der<br \/>\nBesucherinnen und Besucher dieser Website erstellt. Es werden lediglich allgemeine Informationen (z.B. Statistiken<br \/>\n\u00fcber die Zahl der Besuche, der Seitenaufrufe oder deren zeitliche Verteilung) gespeichert. Diese Informationen<br \/>\nlassen jedoch keine R\u00fcckschl\u00fcsse auf einzelne Besucherinnen und Besucher zu.<\/p>\n<p>Die Website von Dr. Angelika Wilscher verwendet nur sogenannte &#8222;Session-Cookies&#8220;. Dabei handelt es sich um kleine<br \/>\nTextdateien, die mit Hilfe des Browsers auf Ihrem Endger\u00e4t abgelegt werden. Sie richten keinen Schaden an, helfen<br \/>\naber, die Website nutzungsfreundlich zu gestalten.<\/p>\n<p>Sie wollen keine Cookies? Dann k\u00f6nnen Sie Ihren Browser so einrichten, dass er Sie \u00fcber das Setzen von Cookies<br \/>\ninformiert und Sie dies nur im Einzelfall erlauben. Bei der Deaktivierung von Cookies kann die Funktionalit\u00e4t<br \/>\ndieser Website eingeschr\u00e4nkt sein.<\/p>\n<p>Welche Rechte haben Sie als betroffene Person? (Regelungen der DSGVO Art. 15 &#8211; 21)<\/p>\n<p>Sie k\u00f6nnen Auskunft \u00fcber Ihre von uns verarbeiteten personenbezogenen Daten verlangen. Bei fehlerhaften oder<br \/>\nunvollst\u00e4ndigen Daten haben Sie ein Recht auf Berichtigung bzw. Vervollst\u00e4ndigung Ihrer Daten.<\/p>\n<p>Sie haben ein Recht auf L\u00f6schung und auf Einschr\u00e4nkung der Verarbeitung von Daten. Eine L\u00f6schung ist allerdings nur<br \/>\nm\u00f6glich, wenn keine gesetzliche Verpflichtung zur Speicherung der Daten vorliegt. Weiters haben Sie ein Recht auf<br \/>\nWiderspruch gegen die unzumutbare Datenverarbeitung sowie auf Daten\u00fcbertragbarkeit.<\/p>\n<p>Sofern die Verarbeitung aufgrund Ihrer Einwilligungserkl\u00e4rung erfolgt, haben Sie die M\u00f6glichkeit, diese jederzeit<br \/>\nzu widerrufen, ohne dass die Rechtm\u00e4\u00dfigkeit der aufgrund der Einwilligung bis zum Widerruf erfolgten Verarbeitung<br \/>\nber\u00fchrt wird.<\/p>\n<p>Wenn Sie bei uns schriftlich per Post oder pers\u00f6nlich Auskunft \u00fcber Ihre Daten verlangen, so antworten wir Ihnen so<br \/>\nschnell wie m\u00f6glich. Es kann bis zu einem Monat dauern, bis Sie eine Antwort bekommen. Sollten sie mit unserer<br \/>\nAntwort nicht zufrieden sein, dann sind Sie berechtigt, sich bei der Aufsichtsbeh\u00f6rde zu beschweren \u2013 zust\u00e4ndig ist<br \/>\nin \u00d6sterreich die Datenschutzbeh\u00f6rde. Ihre Anschrift lautet:<\/p>\n<p>\u00d6sterreichische Datenschutzbeh\u00f6rde<br \/>\nWickenburggasse 8, 1080 Wien<br \/>\nTelefon: +43 1 531 15-202525,<br \/>\nTelefax: +43 1 531 15-202690<br \/>\ne-Mail: dsb@dsb.gv.at<\/p>\n<p>Wir geben im Rahmen der Erhebung der Daten bekannt, sollte die Bereitstellung der personenbezogenen Daten<br \/>\ngesetzlich oder vertraglich vorgeschrieben oder f\u00fcr einen Vertragsabschluss erforderlich sein. Gleichzeitig geben<br \/>\nwir bekannt, ob Sie verpflichtet sind, Ihre personenbezogenen Daten bereitzustellen und welche m\u00f6glichen Folgen die<br \/>\nNichtbereitstellung h\u00e4tte.<\/p>\n<p>Eine automatisierte Entscheidungsfindung einschlie\u00dflich Profiling erfolgt nicht. Sollten personenbezogenen Daten<br \/>\nf\u00fcr einen anderen Zweck verarbeitet werden als den, f\u00fcr den die personenbezogenen Daten erhoben wurden, haben wir<br \/>\nIhnen diese Informationen \u00fcber diesen anderen Zweck bekannt gegeben.<\/p>\n","protected":false},"excerpt":{"rendered":"<p>Datenschutzerkl\u00e4rung Information gem\u00e4\u00df Art. 13 DSGVO Wir informieren hiermit unsere Patientinnen und Patienten, Besucherinnen und Besucher unserer Website, Lieferanten und Interessierte Um was geht es? Die Ordination Dr. Angelika Wilscher, im Folgenden kurz die Ordination, respektiert und sch\u00fctzt Ihre Daten und verarbeitet diese ausschlie\u00dflich auf Grundlage der gesetzlichen Bestimmungen. Diese Datenschutzerkl\u00e4rung informiert Sie dar\u00fcber, welche &hellip; <a href=\"https:\/\/www.drwilscher.at\/p\/datenschutz\/\" class=\"more-link\"><span class=\"screen-reader-text\">Datenschutz<\/span> weiterlesen<\/a><\/p>\n","protected":false},"author":1,"featured_media":0,"parent":0,"menu_order":0,"comment_status":"closed","ping_status":"closed","template":"page-fullwidth.php","meta":{"footnotes":""},"class_list":["post-338","page","type-page","status-publish","hentry"],"_links":{"self":[{"href":"https:\/\/www.drwilscher.at\/p\/wp-json\/wp\/v2\/pages\/338","targetHints":{"allow":["GET"]}}],"collection":[{"href":"https:\/\/www.drwilscher.at\/p\/wp-json\/wp\/v2\/pages"}],"about":[{"href":"https:\/\/www.drwilscher.at\/p\/wp-json\/wp\/v2\/types\/page"}],"author":[{"embeddable":true,"href":"https:\/\/www.drwilscher.at\/p\/wp-json\/wp\/v2\/users\/1"}],"replies":[{"embeddable":true,"href":"https:\/\/www.drwilscher.at\/p\/wp-json\/wp\/v2\/comments?post=338"}],"version-history":[{"count":7,"href":"https:\/\/www.drwilscher.at\/p\/wp-json\/wp\/v2\/pages\/338\/revisions"}],"predecessor-version":[{"id":367,"href":"https:\/\/www.drwilscher.at\/p\/wp-json\/wp\/v2\/pages\/338\/revisions\/367"}],"wp:attachment":[{"href":"https:\/\/www.drwilscher.at\/p\/wp-json\/wp\/v2\/media?parent=338"}],"curies":[{"name":"wp","href":"https:\/\/api.w.org\/{rel}","templated":true}]}}