{"id":34,"date":"2016-12-10T20:05:42","date_gmt":"2016-12-10T19:05:42","guid":{"rendered":"http:\/\/www.drwilscher.at\/p\/?page_id=34"},"modified":"2022-01-11T21:06:20","modified_gmt":"2022-01-11T20:06:20","slug":"dr-angelika-wilscher","status":"publish","type":"page","link":"https:\/\/www.drwilscher.at\/p\/unser-team\/dr-angelika-wilscher\/","title":{"rendered":"Dr. Angelika Wilscher"},"content":{"rendered":"<div class=\"title\">\n<p><img loading=\"lazy\" decoding=\"async\" class=\"alignright wp-image-529 size-large\" src=\"https:\/\/www.drwilscher.at\/p\/wp-content\/uploads\/2022\/01\/WEB_DSC6030-Dr.Wilscher-Ordination-\u00a9-Mathias-Praegant-683x1024.jpg\" alt=\"\" width=\"530\" height=\"795\" srcset=\"https:\/\/www.drwilscher.at\/p\/wp-content\/uploads\/2022\/01\/WEB_DSC6030-Dr.Wilscher-Ordination-\u00a9-Mathias-Praegant-683x1024.jpg 683w, https:\/\/www.drwilscher.at\/p\/wp-content\/uploads\/2022\/01\/WEB_DSC6030-Dr.Wilscher-Ordination-\u00a9-Mathias-Praegant-200x300.jpg 200w, https:\/\/www.drwilscher.at\/p\/wp-content\/uploads\/2022\/01\/WEB_DSC6030-Dr.Wilscher-Ordination-\u00a9-Mathias-Praegant-768x1152.jpg 768w, https:\/\/www.drwilscher.at\/p\/wp-content\/uploads\/2022\/01\/WEB_DSC6030-Dr.Wilscher-Ordination-\u00a9-Mathias-Praegant-1024x1536.jpg 1024w, https:\/\/www.drwilscher.at\/p\/wp-content\/uploads\/2022\/01\/WEB_DSC6030-Dr.Wilscher-Ordination-\u00a9-Mathias-Praegant-1366x2048.jpg 1366w, https:\/\/www.drwilscher.at\/p\/wp-content\/uploads\/2022\/01\/WEB_DSC6030-Dr.Wilscher-Ordination-\u00a9-Mathias-Praegant.jpg 1667w\" sizes=\"auto, (max-width: 530px) 100vw, 530px\" \/><\/p>\n<\/div>\n<div class=\"region region-content\">\n<div id=\"block-system-main\" class=\"block block-system\">\n<div class=\"content\">\n<div class=\"content\">\n<div class=\"field field-name-body field-type-text-with-summary field-label-hidden\">\n<div class=\"field-items\">\n<div class=\"field-item even\">\n<h2>Studium<\/h2>\n<table style=\"border-color: #e3e3e3; background-color: #ffffff;\" border=\"0\" cellspacing=\"0\" cellpadding=\"0\">\n<tbody>\n<tr>\n<td style=\"width: 200px; text-align: left;\">1990 &#8211; 1996<\/td>\n<td>Studium an der medizinischen Fakult\u00e4t Wien, Wahlfach Onkologie<\/td>\n<\/tr>\n<tr>\n<td>16.12.1996<\/td>\n<td>Promotion zur Dr. med. univ.<\/td>\n<\/tr>\n<\/tbody>\n<\/table>\n<h2>bisherige Berufslaufbahn<\/h2>\n<table border=\"0\" cellspacing=\"0\" cellpadding=\"0\">\n<tbody>\n<tr>\n<td style=\"width: 200px;\">02.12.1996 &#8211; 30.04.1999<\/td>\n<td>Turnus\u00e4rztin KH Spittal\/Drau<\/td>\n<\/tr>\n<tr>\n<td>01.05.1999 &#8211; 30.06.1999<\/td>\n<td>Turnus\u00e4rztin Neurologische Abteilung LKH Villach<\/td>\n<\/tr>\n<tr>\n<td>01.07.1999 &#8211; 16.12.1999<\/td>\n<td>Turnus\u00e4rztin KH Spittal\/Drau<\/td>\n<\/tr>\n<tr>\n<td>16.12.1999<\/td>\n<td>Diplom \u00c4rztin f\u00fcr Allgemeinmedizin<\/td>\n<\/tr>\n<tr>\n<td>17.12.1999 &#8211; 28.02.2000<\/td>\n<td>Sekundar\u00e4rztin Interne Abteilung KH Spittal\/Drau<\/td>\n<\/tr>\n<tr>\n<td>01.01.2000 &#8211; 31.12.2010<\/td>\n<td>Not\u00e4rztin Rotes Kreuz Spittal\/Drau<\/td>\n<\/tr>\n<tr>\n<td>01.03.2000 &#8211; 28.02.2005<\/td>\n<td>Ausbildung zur Fach\u00e4rztin f\u00fcr Innere Medizin KH Spittal\/Drau<\/td>\n<\/tr>\n<tr>\n<td>01.03.2005<\/td>\n<td>Diplom Fach\u00e4rztin f\u00fcr Innere Medizin<\/td>\n<\/tr>\n<tr>\n<td>01.03.2005 &#8211; 30.06.2012<\/td>\n<td>Ober\u00e4rztin Interne Abteilung KH Spittal\/Drau<\/td>\n<\/tr>\n<tr>\n<td>01.01.2008 &#8211; 30.06.2012<\/td>\n<td>Departmentleitung Akutgeriatrie und Remobilisation KH Spittal\/Drau<\/td>\n<\/tr>\n<tr>\n<td>07.02.2012<\/td>\n<td>Fach\u00e4rztin f\u00fcr Innere Medizin (Geriatrie)<\/td>\n<\/tr>\n<\/tbody>\n<\/table>\n<h2>Ausbildung\/Weiterbildung<\/h2>\n<table border=\"0\" cellspacing=\"0\" cellpadding=\"0\">\n<tbody>\n<tr>\n<td style=\"width: 200px;\">30.11.1999<\/td>\n<td>Fortbildungszertifikat f\u00fcr Turnus\u00e4rzte<\/td>\n<\/tr>\n<tr>\n<td>29.03.2000<\/td>\n<td>Notarztdiplom<\/td>\n<\/tr>\n<tr>\n<td>30.11.2002<\/td>\n<td>Fortbildungsdiplom<\/td>\n<\/tr>\n<tr>\n<td>28.11.2004<\/td>\n<td>Palliativmedizin<\/td>\n<\/tr>\n<tr>\n<td>30.11.2005<\/td>\n<td>Forbildungsdiplom<\/td>\n<\/tr>\n<tr>\n<td>04.02.2006<\/td>\n<td>Psychosoziale Medizin<\/td>\n<\/tr>\n<tr>\n<td>25.01.2008<\/td>\n<td>Psychosomatische Medizin<\/td>\n<\/tr>\n<tr>\n<td>13.09.2008<\/td>\n<td>\u00d6\u00c4K &#8211; Diplom Geriatrie<\/td>\n<\/tr>\n<tr>\n<td>02.01.2009<\/td>\n<td>\u00d6\u00c4K &#8211; Diplom spezielle Schmerztherapie<\/td>\n<\/tr>\n<tr>\n<td>04.01.2012<\/td>\n<td>Fortbildungsdiplom<\/td>\n<\/tr>\n<\/tbody>\n<\/table>\n<\/div>\n<\/div>\n<\/div>\n<\/div>\n<\/div>\n<\/div>\n<\/div>\n","protected":false},"excerpt":{"rendered":"<p>Studium 1990 &#8211; 1996 Studium an der medizinischen Fakult\u00e4t Wien, Wahlfach Onkologie 16.12.1996 Promotion zur Dr. med. univ. bisherige Berufslaufbahn 02.12.1996 &#8211; 30.04.1999 Turnus\u00e4rztin KH Spittal\/Drau 01.05.1999 &#8211; 30.06.1999 Turnus\u00e4rztin Neurologische Abteilung LKH Villach 01.07.1999 &#8211; 16.12.1999 Turnus\u00e4rztin KH Spittal\/Drau 16.12.1999 Diplom \u00c4rztin f\u00fcr Allgemeinmedizin 17.12.1999 &#8211; 28.02.2000 Sekundar\u00e4rztin Interne Abteilung KH Spittal\/Drau 01.01.2000 &#8211; &hellip; <a href=\"https:\/\/www.drwilscher.at\/p\/unser-team\/dr-angelika-wilscher\/\" class=\"more-link\"><span class=\"screen-reader-text\">Dr. Angelika Wilscher<\/span> weiterlesen<\/a><\/p>\n","protected":false},"author":1,"featured_media":0,"parent":32,"menu_order":10,"comment_status":"closed","ping_status":"closed","template":"","meta":{"footnotes":""},"class_list":["post-34","page","type-page","status-publish","hentry"],"_links":{"self":[{"href":"https:\/\/www.drwilscher.at\/p\/wp-json\/wp\/v2\/pages\/34","targetHints":{"allow":["GET"]}}],"collection":[{"href":"https:\/\/www.drwilscher.at\/p\/wp-json\/wp\/v2\/pages"}],"about":[{"href":"https:\/\/www.drwilscher.at\/p\/wp-json\/wp\/v2\/types\/page"}],"author":[{"embeddable":true,"href":"https:\/\/www.drwilscher.at\/p\/wp-json\/wp\/v2\/users\/1"}],"replies":[{"embeddable":true,"href":"https:\/\/www.drwilscher.at\/p\/wp-json\/wp\/v2\/comments?post=34"}],"version-history":[{"count":13,"href":"https:\/\/www.drwilscher.at\/p\/wp-json\/wp\/v2\/pages\/34\/revisions"}],"predecessor-version":[{"id":574,"href":"https:\/\/www.drwilscher.at\/p\/wp-json\/wp\/v2\/pages\/34\/revisions\/574"}],"up":[{"embeddable":true,"href":"https:\/\/www.drwilscher.at\/p\/wp-json\/wp\/v2\/pages\/32"}],"wp:attachment":[{"href":"https:\/\/www.drwilscher.at\/p\/wp-json\/wp\/v2\/media?parent=34"}],"curies":[{"name":"wp","href":"https:\/\/api.w.org\/{rel}","templated":true}]}}