{"id":650,"date":"2022-09-18T10:25:12","date_gmt":"2022-09-18T08:25:12","guid":{"rendered":"https:\/\/www.drwilscher.at\/p\/?page_id=650"},"modified":"2025-11-19T11:01:34","modified_gmt":"2025-11-19T10:01:34","slug":"herzlich-willkommen-in-unserer-ordination","status":"publish","type":"page","link":"https:\/\/www.drwilscher.at\/p\/","title":{"rendered":"Herzlich willkommen in unserer Ordination"},"content":{"rendered":"\n<figure class=\"wp-block-image size-large\"><img loading=\"lazy\" decoding=\"async\" width=\"1024\" height=\"409\" src=\"https:\/\/www.drwilscher.at\/p\/wp-content\/uploads\/2022\/01\/cropped-WEB_DSC5628-Dr.Wilscher-Ordination-\u00a9-Mathias-Praegant-1024x409.jpg\" alt=\"\" class=\"wp-image-587\" srcset=\"https:\/\/www.drwilscher.at\/p\/wp-content\/uploads\/2022\/01\/cropped-WEB_DSC5628-Dr.Wilscher-Ordination-\u00a9-Mathias-Praegant-1024x409.jpg 1024w, https:\/\/www.drwilscher.at\/p\/wp-content\/uploads\/2022\/01\/cropped-WEB_DSC5628-Dr.Wilscher-Ordination-\u00a9-Mathias-Praegant-300x120.jpg 300w, https:\/\/www.drwilscher.at\/p\/wp-content\/uploads\/2022\/01\/cropped-WEB_DSC5628-Dr.Wilscher-Ordination-\u00a9-Mathias-Praegant-768x307.jpg 768w, https:\/\/www.drwilscher.at\/p\/wp-content\/uploads\/2022\/01\/cropped-WEB_DSC5628-Dr.Wilscher-Ordination-\u00a9-Mathias-Praegant.jpg 1500w\" sizes=\"auto, (max-width: 1024px) 100vw, 1024px\" \/><\/figure>\n\n\n\n<p class=\"has-text-align-center\"><\/p>\n\n\n\n<div class=\"wp-block-columns is-layout-flex wp-container-core-columns-is-layout-9d6595d7 wp-block-columns-is-layout-flex\">\n<div class=\"wp-block-column is-layout-flow wp-block-column-is-layout-flow\" style=\"flex-basis:50%\">\n<h2 class=\"wp-block-heading\">\u00d6ffnungszeiten<\/h2>\n\n\n\n<h2>&nbsp;<\/h2>\n\n\n\n<div class=\"wp-block-columns is-layout-flex wp-container-core-columns-is-layout-9d6595d7 wp-block-columns-is-layout-flex\">\n<div class=\"wp-block-column is-layout-flow wp-block-column-is-layout-flow\">\n<figure class=\"wp-block-table is-style-stripes\"><table><tbody><tr><td>Montag<\/td><td>08:00 &#8211; 12:00<\/td><\/tr><tr><td>Dienstag<\/td><td>08:00 &#8211; 12:00<br>15:00 &#8211; 17:00<\/td><\/tr><tr><td>Mittwoch<\/td><td>08:00 &#8211; 12:00<\/td><\/tr><tr><td>Donnerstag<\/td><td>08:00 &#8211; 12:00<\/td><\/tr><tr><td>Freitag<\/td><td>08:00 &#8211; 12:00<\/td><\/tr><\/tbody><\/table><\/figure>\n<\/div>\n<\/div>\n<\/div>\n\n\n\n<div class=\"wp-block-column is-layout-flow wp-block-column-is-layout-flow\" style=\"flex-basis:50%\">\n<h2 class=\"wp-block-heading\">Kontakt<\/h2>\n\n\n\n<p>St. Oswalder Stra\u00dfe 2<br>9546 Bad Kleinkirchheim<br>\u00d6sterreich<br><br>Tel.: <a href=\"tel:+434240410\" data-type=\"tel\" data-id=\"tel:+434240410\">+43 (0) 4240 410<\/a><br><a href=\"mailto:ordination@drwilscher.at\">ordination@drwilscher.at<\/a><br><\/p>\n<\/div>\n<\/div>\n\n\n\n<h2 class=\"wp-block-heading\"><strong>Bereitschaftsdienst<\/strong><\/h2>\n\n\n\n<p>Am Wochenende, an Feiertagen rufen Sie bitte den \u00c4rztenotdienst unter der Nummer <a href=\"tel:141\">141<\/a>. Hier finden Sie Informationen zum <a href=\"https:\/\/api.aekktn.at\/service\/bereitschaftsdienst\/\">Haus\u00e4rztlichen Bereitschaftsdienst &#8211; \u00c4rztekammer f\u00fcr K\u00e4rnten (aekktn.at)<\/a> <br>Bei Notf\u00e4llen rufen Sie bitte direkt die Rettung unter der Telefonnummer <a href=\"tel:144\">144<\/a>.<\/p>\n\n\n\n<h2>Blutabnahmen<\/h2>\n\n\n\n<p>Montag, Dienstag und Donnerstag von 08:00 Uhr bis 10:00 Uhr.<\/p>\n\n\n\n<p>Vereinbaren Sie Ihren Termin telefonisch unter&nbsp;<a href=\"tel: +43 4240 410\">+43 4240 410<\/a><\/p>\n\n\n\n<h2 style=\"text-align: left;\">F\u00fchrerscheinuntersuchung<\/h2>\n<p>Vereinbaren Sie Ihren Termin telefonisch unter <a href=\"tel: +43 4240 410\">+43 4240 410<\/a><\/p>\n\n\n\n<h2 class=\"wp-block-heading\">Lehrpraxis<\/h2>\n\n\n\n<p>Als letzter Ausbildungsabschnitt ist bei der Ausbildung zum Arzt\/zur \u00c4rztin f\u00fcr Allgemeinmedizin nach der \u00c4AO 2015 verpflichtend eine 6-monatige Ausbildung (ab 01.06.2022 9 Monate und ab 01.06.2027 12 Monate) in der Lehr(gruppen)praxis f\u00fcr Allgemeinmedizin vorgesehen. Diese kann ausschlie\u00dflich am Ende der Ausbildung zum Arzt\/zur \u00c4rztin f\u00fcr Allgemeinmedizin erfolgen.<\/p>\n<p>N\u00e4here Information erhalten Sie auf der Seite <a href=\"https:\/\/www.aekktn.at\/ausbildungsstaetten\/lehrpraxis\/aeao2015\" target=\"_blank\" rel=\"noopener\">www.aekktn.at<\/a><\/p>\n\n\n\n<h1>Lehrordination<\/h1>\n<p>Zertifikat f\u00fcr die Lehrordination der Medizinischen Universit\u00e4t Graz<\/p>\n<p><img loading=\"lazy\" decoding=\"async\" class=\"size-full wp-image-792 alignleft\" src=\"https:\/\/www.drwilscher.at\/p\/wp-content\/uploads\/2025\/03\/ZertifikatMedUniGraz.png\" alt=\"\" width=\"537\" height=\"743\" srcset=\"https:\/\/www.drwilscher.at\/p\/wp-content\/uploads\/2025\/03\/ZertifikatMedUniGraz.png 537w, https:\/\/www.drwilscher.at\/p\/wp-content\/uploads\/2025\/03\/ZertifikatMedUniGraz-217x300.png 217w\" sizes=\"auto, (max-width: 537px) 100vw, 537px\" \/><\/p>\n\n\n\n\n\n\n","protected":false},"excerpt":{"rendered":"<p>\u00d6ffnungszeiten &nbsp; Montag 08:00 &#8211; 12:00 Dienstag 08:00 &#8211; 12:0015:00 &#8211; 17:00 Mittwoch 08:00 &#8211; 12:00 Donnerstag 08:00 &#8211; 12:00 Freitag 08:00 &#8211; 12:00 Kontakt St. Oswalder Stra\u00dfe 29546 Bad Kleinkirchheim\u00d6sterreich Tel.: +43 (0) 4240 410ordination@drwilscher.at Bereitschaftsdienst Am Wochenende, an Feiertagen rufen Sie bitte den \u00c4rztenotdienst unter der Nummer 141. Hier finden Sie Informationen zum &hellip; <a href=\"https:\/\/www.drwilscher.at\/p\/\" class=\"more-link\"><span class=\"screen-reader-text\">Herzlich willkommen in unserer Ordination<\/span> weiterlesen<\/a><\/p>\n","protected":false},"author":1,"featured_media":0,"parent":0,"menu_order":0,"comment_status":"closed","ping_status":"closed","template":"","meta":{"footnotes":""},"class_list":["post-650","page","type-page","status-publish","hentry"],"_links":{"self":[{"href":"https:\/\/www.drwilscher.at\/p\/wp-json\/wp\/v2\/pages\/650","targetHints":{"allow":["GET"]}}],"collection":[{"href":"https:\/\/www.drwilscher.at\/p\/wp-json\/wp\/v2\/pages"}],"about":[{"href":"https:\/\/www.drwilscher.at\/p\/wp-json\/wp\/v2\/types\/page"}],"author":[{"embeddable":true,"href":"https:\/\/www.drwilscher.at\/p\/wp-json\/wp\/v2\/users\/1"}],"replies":[{"embeddable":true,"href":"https:\/\/www.drwilscher.at\/p\/wp-json\/wp\/v2\/comments?post=650"}],"version-history":[{"count":55,"href":"https:\/\/www.drwilscher.at\/p\/wp-json\/wp\/v2\/pages\/650\/revisions"}],"predecessor-version":[{"id":829,"href":"https:\/\/www.drwilscher.at\/p\/wp-json\/wp\/v2\/pages\/650\/revisions\/829"}],"wp:attachment":[{"href":"https:\/\/www.drwilscher.at\/p\/wp-json\/wp\/v2\/media?parent=650"}],"curies":[{"name":"wp","href":"https:\/\/api.w.org\/{rel}","templated":true}]}}